{"id":13154,"date":"2022-09-06T23:25:40","date_gmt":"2022-09-06T21:25:40","guid":{"rendered":"https:\/\/hexadigit.fr\/?page_id=13154"},"modified":"2022-09-06T23:47:55","modified_gmt":"2022-09-06T21:47:55","slug":"mentions-legales","status":"publish","type":"page","link":"https:\/\/hexadigit.fr\/index.php\/mentions-legales\/","title":{"rendered":"Mentions l\u00e9gales"},"content":{"rendered":"\t\t<div data-elementor-type=\"wp-page\" data-elementor-id=\"13154\" class=\"elementor elementor-13154\">\n\t\t\t\t\t\t\t\t\t<section class=\"elementor-section elementor-top-section elementor-element elementor-element-5e45bcf elementor-section-boxed elementor-section-height-default elementor-section-height-default\" data-id=\"5e45bcf\" data-element_type=\"section\">\n\t\t\t\t\t\t<div class=\"elementor-container elementor-column-gap-default\">\n\t\t\t\t\t<div class=\"elementor-column elementor-col-100 elementor-top-column elementor-element elementor-element-b8b96b9\" data-id=\"b8b96b9\" data-element_type=\"column\">\n\t\t\t<div class=\"elementor-widget-wrap elementor-element-populated\">\n\t\t\t\t\t\t\t\t<div class=\"elementor-element elementor-element-e30e480 elementor-widget elementor-widget-heading\" data-id=\"e30e480\" data-element_type=\"widget\" data-widget_type=\"heading.default\">\n\t\t\t\t<div class=\"elementor-widget-container\">\n\t\t\t<style>\/*! elementor - v3.6.6 - 08-06-2022 *\/\n.elementor-heading-title{padding:0;margin:0;line-height:1}.elementor-widget-heading .elementor-heading-title[class*=elementor-size-]>a{color:inherit;font-size:inherit;line-height:inherit}.elementor-widget-heading .elementor-heading-title.elementor-size-small{font-size:15px}.elementor-widget-heading .elementor-heading-title.elementor-size-medium{font-size:19px}.elementor-widget-heading .elementor-heading-title.elementor-size-large{font-size:29px}.elementor-widget-heading .elementor-heading-title.elementor-size-xl{font-size:39px}.elementor-widget-heading .elementor-heading-title.elementor-size-xxl{font-size:59px}<\/style><h2 class=\"elementor-heading-title elementor-size-default\">Mentions l\u00e9gales<\/h2>\t\t<\/div>\n\t\t\t\t<\/div>\n\t\t\t\t\t<\/div>\n\t\t<\/div>\n\t\t\t\t\t\t\t<\/div>\n\t\t<\/section>\n\t\t\t\t<section class=\"elementor-section elementor-top-section elementor-element elementor-element-b52e0d4 elementor-section-boxed elementor-section-height-default elementor-section-height-default\" data-id=\"b52e0d4\" data-element_type=\"section\">\n\t\t\t\t\t\t<div class=\"elementor-container elementor-column-gap-default\">\n\t\t\t\t\t<div class=\"elementor-column elementor-col-100 elementor-top-column elementor-element elementor-element-8ed51f7\" data-id=\"8ed51f7\" data-element_type=\"column\">\n\t\t\t<div class=\"elementor-widget-wrap elementor-element-populated\">\n\t\t\t\t\t\t\t\t<div class=\"elementor-element elementor-element-a88f3f2 elementor-widget elementor-widget-heading\" data-id=\"a88f3f2\" data-element_type=\"widget\" data-widget_type=\"heading.default\">\n\t\t\t\t<div class=\"elementor-widget-container\">\n\t\t\t<p class=\"elementor-heading-title elementor-size-small\"><b>1 - \u00c9dition du site :<\/b><br><br>En vertu de l'article 6 de la loi n\u00b0 2004-575 du 21 juin 2004 pour la confiance dans l'\u00e9conomie num\u00e9rique, il est pr\u00e9cis\u00e9 aux utilisateurs du site internet https:\/\/hexadigit.fr\/ l'identit\u00e9 des diff\u00e9rents intervenants dans le cadre de sa r\u00e9alisation et de son suivi: Propri\u00e9taire du site : Hexadigit - 10 Rue du Penthi\u00e8vre 75008 Paris \u2013 Contact : contact@hexadigit.fr (+33) 6 32 00 70 20 - Adresse : 10 Rue du Penthi\u00e8vre 75008 Paris. Identification de l'entreprise : SAS Hexadigit - 10 Rue du Penthi\u00e8vre 75008 Paris au capital social de 1200 \u20ac\u20ac - SIREN : 912759610 - RCS ou RM : - Adresse postale : 10 Rue du Penthi\u00e8vre 75008 Paris Directeur de la publication : Hexadigit - Contact : contact@hexadigit.fr H\u00e9bergeur : AutreHostinger HOSTINGER, dont le si\u00e8ge social est situ\u00e9 HOSTINGER INTERNATIONAL LTD, 61 Lordou Vironos Street, 6023 Larnaca, Chypre, joignable par le moyen suivant :https:\/\/www.hostinger.fr\/contact. D\u00e9l\u00e9gu\u00e9 \u00e0 la protection des donn\u00e9es : Hexadigit - contact@hexadigit.fr<br><br>\n\n<b>2 - Propri\u00e9t\u00e9 intellectuelle et contrefa\u00e7ons :<\/b><br> <br>Hexadigit est propri\u00e9taire des droits de propri\u00e9t\u00e9 intellectuelle et d\u00e9tient les droits d\u2019usage sur tous les \u00e9l\u00e9ments accessibles sur le site internet, notamment les textes, images, graphismes, logos, vid\u00e9os, architecture, ic\u00f4nes et sons. Toute reproduction, repr\u00e9sentation, modification, publication, adaptation de tout ou partie des \u00e9l\u00e9ments du site, quel que soit le moyen ou le proc\u00e9d\u00e9 utilis\u00e9, est interdite, sauf autorisation \u00e9crite pr\u00e9alable de Hexadigit Toute exploitation non autoris\u00e9e du site ou de l\u2019un quelconque des \u00e9l\u00e9ments qu\u2019il contient sera consid\u00e9r\u00e9e comme constitutive d\u2019une contrefa\u00e7on et poursuivie conform\u00e9ment aux dispositions des articles L.335-2 et suivants du Code de Propri\u00e9t\u00e9 Intellectuelle.<br><br>\n<b>3 - Limitations de responsabilit\u00e9 :<\/b><br><br>Hexadigit ne pourra \u00eatre tenu pour responsable des dommages directs et indirects caus\u00e9s au mat\u00e9riel de l\u2019utilisateur, lors de l\u2019acc\u00e8s au site https:\/\/hexadigit.fr\/. <br>Hexadigit d\u00e9cline toute responsabilit\u00e9 quant \u00e0 l\u2019utilisation qui pourrait \u00eatre faite des informations et contenus pr\u00e9sents sur https:\/\/hexadigit.fr\/. Hexadigit s\u2019engage \u00e0 s\u00e9curiser au mieux le site https:\/\/hexadigit.fr\/, cependant sa responsabilit\u00e9 ne pourra \u00eatre mise en cause si des donn\u00e9es ind\u00e9sirables sont import\u00e9es et install\u00e9es sur son site \u00e0 son insu. Des espaces interactifs (espace contact ou commentaires) sont \u00e0 la disposition des utilisateurs. Hexadigit se r\u00e9serve le droit de supprimer, sans mise en demeure pr\u00e9alable, tout contenu d\u00e9pos\u00e9 dans cet espace qui contreviendrait \u00e0 la l\u00e9gislation applicable en France, en particulier aux dispositions relatives \u00e0 la protection des donn\u00e9es. Le cas \u00e9ch\u00e9ant, Hexadigit se r\u00e9serve \u00e9galement la possibilit\u00e9 de mettre en cause la responsabilit\u00e9 civile et\/ou p\u00e9nale de l\u2019utilisateur, notamment en cas de message \u00e0 caract\u00e8re raciste, injurieux, diffamant, ou pornographique, quel que soit le support utilis\u00e9 (texte, photographie \u2026).<br><br>\n<b>4 - CNIL et gestion des donn\u00e9es personnelles :<\/b><br><br>\nConform\u00e9ment aux dispositions de la loi 78-17 du 6 janvier 1978 modifi\u00e9e, l\u2019utilisateur du\nsite https:\/\/hexadigit.fr\/ dispose d\u2019un droit d\u2019acc\u00e8s, de modification et de suppression des\ninformations collect\u00e9es. Pour exercer ce droit, envoyez un message \u00e0 notre D\u00e9l\u00e9gu\u00e9 \u00e0 la\nProtection des Donn\u00e9es : Hexadigit - contact@hexadigit.fr.\nPour plus d'informations sur la fa\u00e7on dont nous traitons vos donn\u00e9es (type de donn\u00e9es,\nfinalit\u00e9, destinataire...), lisez notre politique de confidentialit\u00e9 a cr\u00e9er.<br><br>\n<b>5 - Liens hypertextes et cookies :<\/b><br><br>\nLe site https:\/\/hexadigit.fr\/ contient des liens hypertextes vers d\u2019autres sites et d\u00e9gage toute\nresponsabilit\u00e9 \u00e0 propos de ces liens externes ou des liens cr\u00e9\u00e9s par d\u2019autres sites\nvers https:\/\/hexadigit.fr\/.\nLa navigation sur le site https:\/\/hexadigit.fr\/ est susceptible de provoquer l\u2019installation de\ncookie(s) sur l\u2019ordinateur de l\u2019utilisateur.\nUn \"cookie\" est un fichier de petite taille qui enregistre des informations relatives \u00e0 la\nnavigation d\u2019un utilisateur sur un site. Les donn\u00e9es ainsi obtenues permettent d'obtenir des\nmesures de fr\u00e9quentation, par exemple.\nVous avez la possibilit\u00e9 d\u2019accepter ou de refuser les cookies en modifiant les param\u00e8tres de\nvotre navigateur. Aucun cookie ne sera d\u00e9pos\u00e9 sans votre consentement.\nLes cookies sont enregistr\u00e9s pour une dur\u00e9e maximale de mois.\nPour plus d'informations sur la fa\u00e7on dont nous faisons usage des cookies, lisez\nnotre politique de confidentialit\u00e9 a cr\u00e9er. <br><br>\n<b>6 - Droit applicable et attribution de juridiction :<\/b><br><br>\nTout litige en relation avec l\u2019utilisation du site https:\/\/hexadigit.fr\/ est soumis au droit\nfran\u00e7ais. En dehors des cas o\u00f9 la loi ne le permet pas, il est fait attribution exclusive de\njuridiction aux tribunaux comp\u00e9tents de Paris.<\/p>\t\t<\/div>\n\t\t\t\t<\/div>\n\t\t\t\t\t<\/div>\n\t\t<\/div>\n\t\t\t\t\t\t\t<\/div>\n\t\t<\/section>\n\t\t\t\t<section class=\"elementor-section elementor-top-section elementor-element elementor-element-29f924b elementor-section-boxed elementor-section-height-default elementor-section-height-default\" data-id=\"29f924b\" data-element_type=\"section\">\n\t\t\t\t\t\t<div class=\"elementor-container elementor-column-gap-default\">\n\t\t\t\t\t<div class=\"elementor-column elementor-col-100 elementor-top-column elementor-element elementor-element-dbf5336\" data-id=\"dbf5336\" data-element_type=\"column\">\n\t\t\t<div class=\"elementor-widget-wrap elementor-element-populated\">\n\t\t\t\t\t\t\t\t<div class=\"elementor-element elementor-element-47dc219 elementor-widget elementor-widget-spacer\" data-id=\"47dc219\" data-element_type=\"widget\" data-widget_type=\"spacer.default\">\n\t\t\t\t<div class=\"elementor-widget-container\">\n\t\t\t<style>\/*! elementor - v3.6.6 - 08-06-2022 *\/\n.e-container.e-container--row .elementor-spacer-inner{width:var(--spacer-size)}.e-container.e-container--column .elementor-spacer-inner,.elementor-column .elementor-spacer-inner{height:var(--spacer-size)}<\/style>\t\t<div class=\"elementor-spacer\">\n\t\t\t<div class=\"elementor-spacer-inner\"><\/div>\n\t\t<\/div>\n\t\t\t\t<\/div>\n\t\t\t\t<\/div>\n\t\t\t\t\t<\/div>\n\t\t<\/div>\n\t\t\t\t\t\t\t<\/div>\n\t\t<\/section>\n\t\t\t\t\t\t\t<\/div>\n\t\t","protected":false},"excerpt":{"rendered":"<p>Mentions l\u00e9gales 1 &#8211; \u00c9dition du site : En vertu de l&rsquo;article 6 de la loi n\u00b0 2004-575 du 21 juin 2004 pour la confiance dans l&rsquo;\u00e9conomie num\u00e9rique, il est pr\u00e9cis\u00e9 aux utilisateurs du site internet https:\/\/hexadigit.fr\/ l&rsquo;identit\u00e9 des diff\u00e9rents intervenants dans le cadre de sa r\u00e9alisation et de son suivi: Propri\u00e9taire du site :&#8230;<\/p>\n","protected":false},"author":1,"featured_media":0,"parent":0,"menu_order":0,"comment_status":"closed","ping_status":"closed","template":"","meta":{"_monsterinsights_skip_tracking":false,"_monsterinsights_sitenote_active":false,"_monsterinsights_sitenote_note":"","_monsterinsights_sitenote_category":0,"_kad_post_transparent":"","_kad_post_title":"hide","_kad_post_layout":"fullwidth","_kad_post_sidebar_id":"","_kad_post_content_style":"unboxed","_kad_post_vertical_padding":"hide","_kad_post_feature":"hide","_kad_post_feature_position":"","_kad_post_header":false,"_kad_post_footer":false},"yoast_head":"<!-- This site is optimized with the Yoast SEO plugin v19.0 - https:\/\/yoast.com\/wordpress\/plugins\/seo\/ -->\n<title>Mentions l\u00e9gales - Hexadigit<\/title>\n<meta name=\"robots\" content=\"index, follow, max-snippet:-1, max-image-preview:large, max-video-preview:-1\" \/>\n<link rel=\"canonical\" href=\"https:\/\/hexadigit.fr\/index.php\/mentions-legales\/\" \/>\n<meta property=\"og:locale\" content=\"fr_FR\" \/>\n<meta property=\"og:type\" content=\"article\" \/>\n<meta property=\"og:title\" content=\"Mentions l\u00e9gales - Hexadigit\" \/>\n<meta property=\"og:url\" content=\"https:\/\/hexadigit.fr\/index.php\/mentions-legales\/\" \/>\n<meta property=\"og:site_name\" content=\"Hexadigit\" \/>\n<meta property=\"article:modified_time\" content=\"2022-09-06T21:47:55+00:00\" \/>\n<meta name=\"twitter:card\" content=\"summary_large_image\" \/>\n<meta name=\"twitter:label1\" content=\"Dur\u00e9e de lecture estim\u00e9e\" \/>\n\t<meta name=\"twitter:data1\" content=\"4 minutes\" \/>\n<script type=\"application\/ld+json\" class=\"yoast-schema-graph\">{\"@context\":\"https:\/\/schema.org\",\"@graph\":[{\"@type\":\"Organization\",\"@id\":\"https:\/\/hexadigit.fr\/#organization\",\"name\":\"Hexadigit\",\"url\":\"https:\/\/hexadigit.fr\/\",\"sameAs\":[],\"logo\":{\"@type\":\"ImageObject\",\"inLanguage\":\"fr-FR\",\"@id\":\"https:\/\/hexadigit.fr\/#\/schema\/logo\/image\/\",\"url\":\"http:\/\/hexadigit.fr\/wp-content\/uploads\/2022\/04\/logo-HEXADIGIT-scaled.jpg\",\"contentUrl\":\"http:\/\/hexadigit.fr\/wp-content\/uploads\/2022\/04\/logo-HEXADIGIT-scaled.jpg\",\"width\":2560,\"height\":1814,\"caption\":\"Hexadigit\"},\"image\":{\"@id\":\"https:\/\/hexadigit.fr\/#\/schema\/logo\/image\/\"}},{\"@type\":\"WebSite\",\"@id\":\"https:\/\/hexadigit.fr\/#website\",\"url\":\"https:\/\/hexadigit.fr\/\",\"name\":\"Hexadigit\",\"description\":\"Test logiciels et assurance qualit\u00e9\",\"publisher\":{\"@id\":\"https:\/\/hexadigit.fr\/#organization\"},\"potentialAction\":[{\"@type\":\"SearchAction\",\"target\":{\"@type\":\"EntryPoint\",\"urlTemplate\":\"https:\/\/hexadigit.fr\/?s={search_term_string}\"},\"query-input\":\"required name=search_term_string\"}],\"inLanguage\":\"fr-FR\"},{\"@type\":\"WebPage\",\"@id\":\"https:\/\/hexadigit.fr\/index.php\/mentions-legales\/#webpage\",\"url\":\"https:\/\/hexadigit.fr\/index.php\/mentions-legales\/\",\"name\":\"Mentions l\u00e9gales - Hexadigit\",\"isPartOf\":{\"@id\":\"https:\/\/hexadigit.fr\/#website\"},\"datePublished\":\"2022-09-06T21:25:40+00:00\",\"dateModified\":\"2022-09-06T21:47:55+00:00\",\"breadcrumb\":{\"@id\":\"https:\/\/hexadigit.fr\/index.php\/mentions-legales\/#breadcrumb\"},\"inLanguage\":\"fr-FR\",\"potentialAction\":[{\"@type\":\"ReadAction\",\"target\":[\"https:\/\/hexadigit.fr\/index.php\/mentions-legales\/\"]}]},{\"@type\":\"BreadcrumbList\",\"@id\":\"https:\/\/hexadigit.fr\/index.php\/mentions-legales\/#breadcrumb\",\"itemListElement\":[{\"@type\":\"ListItem\",\"position\":1,\"name\":\"Accueil\",\"item\":\"https:\/\/hexadigit.fr\/\"},{\"@type\":\"ListItem\",\"position\":2,\"name\":\"Mentions l\u00e9gales\"}]}]}<\/script>\n<!-- \/ Yoast SEO plugin. -->","yoast_head_json":{"title":"Mentions l\u00e9gales - Hexadigit","robots":{"index":"index","follow":"follow","max-snippet":"max-snippet:-1","max-image-preview":"max-image-preview:large","max-video-preview":"max-video-preview:-1"},"canonical":"https:\/\/hexadigit.fr\/index.php\/mentions-legales\/","og_locale":"fr_FR","og_type":"article","og_title":"Mentions l\u00e9gales - Hexadigit","og_url":"https:\/\/hexadigit.fr\/index.php\/mentions-legales\/","og_site_name":"Hexadigit","article_modified_time":"2022-09-06T21:47:55+00:00","twitter_card":"summary_large_image","twitter_misc":{"Dur\u00e9e de lecture estim\u00e9e":"4 minutes"},"schema":{"@context":"https:\/\/schema.org","@graph":[{"@type":"Organization","@id":"https:\/\/hexadigit.fr\/#organization","name":"Hexadigit","url":"https:\/\/hexadigit.fr\/","sameAs":[],"logo":{"@type":"ImageObject","inLanguage":"fr-FR","@id":"https:\/\/hexadigit.fr\/#\/schema\/logo\/image\/","url":"http:\/\/hexadigit.fr\/wp-content\/uploads\/2022\/04\/logo-HEXADIGIT-scaled.jpg","contentUrl":"http:\/\/hexadigit.fr\/wp-content\/uploads\/2022\/04\/logo-HEXADIGIT-scaled.jpg","width":2560,"height":1814,"caption":"Hexadigit"},"image":{"@id":"https:\/\/hexadigit.fr\/#\/schema\/logo\/image\/"}},{"@type":"WebSite","@id":"https:\/\/hexadigit.fr\/#website","url":"https:\/\/hexadigit.fr\/","name":"Hexadigit","description":"Test logiciels et assurance qualit\u00e9","publisher":{"@id":"https:\/\/hexadigit.fr\/#organization"},"potentialAction":[{"@type":"SearchAction","target":{"@type":"EntryPoint","urlTemplate":"https:\/\/hexadigit.fr\/?s={search_term_string}"},"query-input":"required name=search_term_string"}],"inLanguage":"fr-FR"},{"@type":"WebPage","@id":"https:\/\/hexadigit.fr\/index.php\/mentions-legales\/#webpage","url":"https:\/\/hexadigit.fr\/index.php\/mentions-legales\/","name":"Mentions l\u00e9gales - Hexadigit","isPartOf":{"@id":"https:\/\/hexadigit.fr\/#website"},"datePublished":"2022-09-06T21:25:40+00:00","dateModified":"2022-09-06T21:47:55+00:00","breadcrumb":{"@id":"https:\/\/hexadigit.fr\/index.php\/mentions-legales\/#breadcrumb"},"inLanguage":"fr-FR","potentialAction":[{"@type":"ReadAction","target":["https:\/\/hexadigit.fr\/index.php\/mentions-legales\/"]}]},{"@type":"BreadcrumbList","@id":"https:\/\/hexadigit.fr\/index.php\/mentions-legales\/#breadcrumb","itemListElement":[{"@type":"ListItem","position":1,"name":"Accueil","item":"https:\/\/hexadigit.fr\/"},{"@type":"ListItem","position":2,"name":"Mentions l\u00e9gales"}]}]}},"_links":{"self":[{"href":"https:\/\/hexadigit.fr\/index.php\/wp-json\/wp\/v2\/pages\/13154"}],"collection":[{"href":"https:\/\/hexadigit.fr\/index.php\/wp-json\/wp\/v2\/pages"}],"about":[{"href":"https:\/\/hexadigit.fr\/index.php\/wp-json\/wp\/v2\/types\/page"}],"author":[{"embeddable":true,"href":"https:\/\/hexadigit.fr\/index.php\/wp-json\/wp\/v2\/users\/1"}],"replies":[{"embeddable":true,"href":"https:\/\/hexadigit.fr\/index.php\/wp-json\/wp\/v2\/comments?post=13154"}],"version-history":[{"count":28,"href":"https:\/\/hexadigit.fr\/index.php\/wp-json\/wp\/v2\/pages\/13154\/revisions"}],"predecessor-version":[{"id":13183,"href":"https:\/\/hexadigit.fr\/index.php\/wp-json\/wp\/v2\/pages\/13154\/revisions\/13183"}],"wp:attachment":[{"href":"https:\/\/hexadigit.fr\/index.php\/wp-json\/wp\/v2\/media?parent=13154"}],"curies":[{"name":"wp","href":"https:\/\/api.w.org\/{rel}","templated":true}]}}