{"id":943,"date":"2020-12-11T16:50:23","date_gmt":"2020-12-11T15:50:23","guid":{"rendered":"http:\/\/www.grafas.org\/demo06\/?page_id=943"},"modified":"2022-06-23T17:54:43","modified_gmt":"2022-06-23T15:54:43","slug":"candidature","status":"publish","type":"page","link":"https:\/\/hexadigit.fr\/index.php\/candidature\/","title":{"rendered":"Candidature"},"content":{"rendered":"\t\t<div data-elementor-type=\"wp-page\" data-elementor-id=\"943\" class=\"elementor elementor-943\">\n\t\t\t\t\t\t\t\t\t<section class=\"elementor-section elementor-top-section elementor-element elementor-element-e4e57f7 elementor-section-boxed elementor-section-height-default elementor-section-height-default elementor-invisible\" data-id=\"e4e57f7\" data-element_type=\"section\" data-settings=\"{&quot;animation&quot;:&quot;fadeIn&quot;,&quot;animation_delay&quot;:50}\">\n\t\t\t\t\t\t<div class=\"elementor-container elementor-column-gap-default\">\n\t\t\t\t\t<div class=\"elementor-column elementor-col-50 elementor-top-column elementor-element elementor-element-8460faa\" data-id=\"8460faa\" data-element_type=\"column\">\n\t\t\t<div class=\"elementor-widget-wrap elementor-element-populated\">\n\t\t\t\t\t\t\t\t<div class=\"elementor-element elementor-element-5c1fe05 elementor-widget elementor-widget-heading\" data-id=\"5c1fe05\" data-element_type=\"widget\" data-widget_type=\"heading.default\">\n\t\t\t\t<div class=\"elementor-widget-container\">\n\t\t\t<style>\/*! elementor - v3.6.6 - 08-06-2022 *\/\n.elementor-heading-title{padding:0;margin:0;line-height:1}.elementor-widget-heading .elementor-heading-title[class*=elementor-size-]>a{color:inherit;font-size:inherit;line-height:inherit}.elementor-widget-heading .elementor-heading-title.elementor-size-small{font-size:15px}.elementor-widget-heading .elementor-heading-title.elementor-size-medium{font-size:19px}.elementor-widget-heading .elementor-heading-title.elementor-size-large{font-size:29px}.elementor-widget-heading .elementor-heading-title.elementor-size-xl{font-size:39px}.elementor-widget-heading .elementor-heading-title.elementor-size-xxl{font-size:59px}<\/style><h2 class=\"elementor-heading-title elementor-size-default\">Construisez votre carri\u00e8re avec Hexadigit<\/h2>\t\t<\/div>\n\t\t\t\t<\/div>\n\t\t\t\t<div class=\"elementor-element elementor-element-86410d6 elementor-widget elementor-widget-text-editor\" data-id=\"86410d6\" data-element_type=\"widget\" data-widget_type=\"text-editor.default\">\n\t\t\t\t<div class=\"elementor-widget-container\">\n\t\t\t<style>\/*! elementor - v3.6.6 - 08-06-2022 *\/\n.elementor-widget-text-editor.elementor-drop-cap-view-stacked .elementor-drop-cap{background-color:#818a91;color:#fff}.elementor-widget-text-editor.elementor-drop-cap-view-framed .elementor-drop-cap{color:#818a91;border:3px solid;background-color:transparent}.elementor-widget-text-editor:not(.elementor-drop-cap-view-default) .elementor-drop-cap{margin-top:8px}.elementor-widget-text-editor:not(.elementor-drop-cap-view-default) .elementor-drop-cap-letter{width:1em;height:1em}.elementor-widget-text-editor .elementor-drop-cap{float:left;text-align:center;line-height:1;font-size:50px}.elementor-widget-text-editor .elementor-drop-cap-letter{display:inline-block}<\/style>\t\t\t\t<p>Rejoignez une \u00e9quipe jeune, dynamique, et b\u00e9n\u00e9ficiez d&rsquo;un suivi de parcours professionnel personnalis\u00e9. ainsi qu&rsquo;un Bien-\u00eatre des collaborateurs<\/p><p>Nous vous invitons \u00e0 vous joindre \u00e0 nous pour une vraie aventure humaine au c\u0153ur des m\u00e9tiers et des technologies\u00a0<\/p>\t\t\t\t\t\t<\/div>\n\t\t\t\t<\/div>\n\t\t\t\t\t<\/div>\n\t\t<\/div>\n\t\t\t\t<div class=\"elementor-column elementor-col-50 elementor-top-column elementor-element elementor-element-edd6b8b\" data-id=\"edd6b8b\" data-element_type=\"column\">\n\t\t\t<div class=\"elementor-widget-wrap elementor-element-populated\">\n\t\t\t\t\t\t\t\t<div class=\"elementor-element elementor-element-4f4791d elementor-widget elementor-widget-spacer\" data-id=\"4f4791d\" data-element_type=\"widget\" data-widget_type=\"spacer.default\">\n\t\t\t\t<div class=\"elementor-widget-container\">\n\t\t\t<style>\/*! elementor - v3.6.6 - 08-06-2022 *\/\n.e-container.e-container--row .elementor-spacer-inner{width:var(--spacer-size)}.e-container.e-container--column .elementor-spacer-inner,.elementor-column .elementor-spacer-inner{height:var(--spacer-size)}<\/style>\t\t<div class=\"elementor-spacer\">\n\t\t\t<div class=\"elementor-spacer-inner\"><\/div>\n\t\t<\/div>\n\t\t\t\t<\/div>\n\t\t\t\t<\/div>\n\t\t\t\t<div class=\"elementor-element elementor-element-c6b848e elementor-widget elementor-widget-heading\" data-id=\"c6b848e\" data-element_type=\"widget\" data-widget_type=\"heading.default\">\n\t\t\t\t<div class=\"elementor-widget-container\">\n\t\t\t<h5 class=\"elementor-heading-title elementor-size-default\">Envoyez votre CV par mail <\/h5>\t\t<\/div>\n\t\t\t\t<\/div>\n\t\t\t\t<div class=\"elementor-element elementor-element-4d0ac33 elementor-widget elementor-widget-heading\" data-id=\"4d0ac33\" data-element_type=\"widget\" data-widget_type=\"heading.default\">\n\t\t\t\t<div class=\"elementor-widget-container\">\n\t\t\t<h4 class=\"elementor-heading-title elementor-size-default\">contact@hexadigit.fr<\/h4>\t\t<\/div>\n\t\t\t\t<\/div>\n\t\t\t\t\t<\/div>\n\t\t<\/div>\n\t\t\t\t\t\t\t<\/div>\n\t\t<\/section>\n\t\t\t\t<section class=\"elementor-section elementor-top-section elementor-element elementor-element-21472e3 elementor-section-boxed elementor-section-height-default elementor-section-height-default\" data-id=\"21472e3\" data-element_type=\"section\">\n\t\t\t\t\t\t<div class=\"elementor-container elementor-column-gap-default\">\n\t\t\t\t\t<div class=\"elementor-column elementor-col-100 elementor-top-column elementor-element elementor-element-e290797\" data-id=\"e290797\" data-element_type=\"column\">\n\t\t\t<div class=\"elementor-widget-wrap elementor-element-populated\">\n\t\t\t\t\t\t\t\t<div class=\"elementor-element elementor-element-b2f75d5 elementor-widget elementor-widget-spacer\" data-id=\"b2f75d5\" data-element_type=\"widget\" data-widget_type=\"spacer.default\">\n\t\t\t\t<div class=\"elementor-widget-container\">\n\t\t\t\t\t<div class=\"elementor-spacer\">\n\t\t\t<div class=\"elementor-spacer-inner\"><\/div>\n\t\t<\/div>\n\t\t\t\t<\/div>\n\t\t\t\t<\/div>\n\t\t\t\t\t<\/div>\n\t\t<\/div>\n\t\t\t\t\t\t\t<\/div>\n\t\t<\/section>\n\t\t\t\t\t\t\t<\/div>\n\t\t","protected":false},"excerpt":{"rendered":"<p>Construisez votre carri\u00e8re avec Hexadigit Rejoignez une \u00e9quipe jeune, dynamique, et b\u00e9n\u00e9ficiez d&rsquo;un suivi de parcours professionnel personnalis\u00e9. ainsi qu&rsquo;un Bien-\u00eatre des collaborateurs Nous vous invitons \u00e0 vous joindre \u00e0 nous pour une vraie aventure humaine au c\u0153ur des m\u00e9tiers et des technologies\u00a0 Envoyez votre CV par mail contact@hexadigit.fr<\/p>\n","protected":false},"author":1,"featured_media":0,"parent":0,"menu_order":0,"comment_status":"closed","ping_status":"closed","template":"","meta":{"_monsterinsights_skip_tracking":false,"_monsterinsights_sitenote_active":false,"_monsterinsights_sitenote_note":"","_monsterinsights_sitenote_category":0,"_kad_post_transparent":"","_kad_post_title":"hide","_kad_post_layout":"fullwidth","_kad_post_sidebar_id":"","_kad_post_content_style":"unboxed","_kad_post_vertical_padding":"hide","_kad_post_feature":"hide","_kad_post_feature_position":"","_kad_post_header":false,"_kad_post_footer":false},"yoast_head":"<!-- This site is optimized with the Yoast SEO plugin v19.0 - https:\/\/yoast.com\/wordpress\/plugins\/seo\/ -->\n<title>Candidature | https:\/\/hexadigit.fr\/<\/title>\n<meta name=\"description\" content=\"Candidature votre carri\u00e8re avec Hexadigit.Rejoignez une \u00e9quipe jeune, dynamique,un suivi de parcours professionnel personnalis\u00e9.\" \/>\n<meta name=\"robots\" content=\"index, follow, max-snippet:-1, max-image-preview:large, max-video-preview:-1\" \/>\n<link rel=\"canonical\" href=\"https:\/\/hexadigit.fr\/index.php\/candidature\/\" \/>\n<meta property=\"og:locale\" content=\"fr_FR\" \/>\n<meta property=\"og:type\" content=\"article\" \/>\n<meta property=\"og:title\" content=\"Candidature | https:\/\/hexadigit.fr\/\" \/>\n<meta property=\"og:description\" content=\"Candidature votre carri\u00e8re avec Hexadigit.Rejoignez une \u00e9quipe jeune, dynamique,un suivi de parcours professionnel personnalis\u00e9.\" \/>\n<meta property=\"og:url\" content=\"https:\/\/hexadigit.fr\/index.php\/candidature\/\" \/>\n<meta property=\"og:site_name\" content=\"Hexadigit\" \/>\n<meta property=\"article:modified_time\" content=\"2022-06-23T15:54:43+00:00\" \/>\n<meta name=\"twitter:card\" content=\"summary_large_image\" \/>\n<meta name=\"twitter:label1\" content=\"Dur\u00e9e de lecture estim\u00e9e\" \/>\n\t<meta name=\"twitter:data1\" content=\"1 minute\" \/>\n<script type=\"application\/ld+json\" class=\"yoast-schema-graph\">{\"@context\":\"https:\/\/schema.org\",\"@graph\":[{\"@type\":\"Organization\",\"@id\":\"https:\/\/hexadigit.fr\/#organization\",\"name\":\"Hexadigit\",\"url\":\"https:\/\/hexadigit.fr\/\",\"sameAs\":[],\"logo\":{\"@type\":\"ImageObject\",\"inLanguage\":\"fr-FR\",\"@id\":\"https:\/\/hexadigit.fr\/#\/schema\/logo\/image\/\",\"url\":\"http:\/\/hexadigit.fr\/wp-content\/uploads\/2022\/04\/logo-HEXADIGIT-scaled.jpg\",\"contentUrl\":\"http:\/\/hexadigit.fr\/wp-content\/uploads\/2022\/04\/logo-HEXADIGIT-scaled.jpg\",\"width\":2560,\"height\":1814,\"caption\":\"Hexadigit\"},\"image\":{\"@id\":\"https:\/\/hexadigit.fr\/#\/schema\/logo\/image\/\"}},{\"@type\":\"WebSite\",\"@id\":\"https:\/\/hexadigit.fr\/#website\",\"url\":\"https:\/\/hexadigit.fr\/\",\"name\":\"Hexadigit\",\"description\":\"Test logiciels et assurance qualit\u00e9\",\"publisher\":{\"@id\":\"https:\/\/hexadigit.fr\/#organization\"},\"potentialAction\":[{\"@type\":\"SearchAction\",\"target\":{\"@type\":\"EntryPoint\",\"urlTemplate\":\"https:\/\/hexadigit.fr\/?s={search_term_string}\"},\"query-input\":\"required name=search_term_string\"}],\"inLanguage\":\"fr-FR\"},{\"@type\":\"WebPage\",\"@id\":\"https:\/\/hexadigit.fr\/index.php\/candidature\/#webpage\",\"url\":\"https:\/\/hexadigit.fr\/index.php\/candidature\/\",\"name\":\"Candidature | https:\/\/hexadigit.fr\/\",\"isPartOf\":{\"@id\":\"https:\/\/hexadigit.fr\/#website\"},\"datePublished\":\"2020-12-11T15:50:23+00:00\",\"dateModified\":\"2022-06-23T15:54:43+00:00\",\"description\":\"Candidature votre carri\u00e8re avec Hexadigit.Rejoignez une \u00e9quipe jeune, dynamique,un suivi de parcours professionnel personnalis\u00e9.\",\"breadcrumb\":{\"@id\":\"https:\/\/hexadigit.fr\/index.php\/candidature\/#breadcrumb\"},\"inLanguage\":\"fr-FR\",\"potentialAction\":[{\"@type\":\"ReadAction\",\"target\":[\"https:\/\/hexadigit.fr\/index.php\/candidature\/\"]}]},{\"@type\":\"BreadcrumbList\",\"@id\":\"https:\/\/hexadigit.fr\/index.php\/candidature\/#breadcrumb\",\"itemListElement\":[{\"@type\":\"ListItem\",\"position\":1,\"name\":\"Accueil\",\"item\":\"https:\/\/hexadigit.fr\/\"},{\"@type\":\"ListItem\",\"position\":2,\"name\":\"Candidature\"}]}]}<\/script>\n<!-- \/ Yoast SEO plugin. -->","yoast_head_json":{"title":"Candidature | https:\/\/hexadigit.fr\/","description":"Candidature votre carri\u00e8re avec Hexadigit.Rejoignez une \u00e9quipe jeune, dynamique,un suivi de parcours professionnel personnalis\u00e9.","robots":{"index":"index","follow":"follow","max-snippet":"max-snippet:-1","max-image-preview":"max-image-preview:large","max-video-preview":"max-video-preview:-1"},"canonical":"https:\/\/hexadigit.fr\/index.php\/candidature\/","og_locale":"fr_FR","og_type":"article","og_title":"Candidature | https:\/\/hexadigit.fr\/","og_description":"Candidature votre carri\u00e8re avec Hexadigit.Rejoignez une \u00e9quipe jeune, dynamique,un suivi de parcours professionnel personnalis\u00e9.","og_url":"https:\/\/hexadigit.fr\/index.php\/candidature\/","og_site_name":"Hexadigit","article_modified_time":"2022-06-23T15:54:43+00:00","twitter_card":"summary_large_image","twitter_misc":{"Dur\u00e9e de lecture estim\u00e9e":"1 minute"},"schema":{"@context":"https:\/\/schema.org","@graph":[{"@type":"Organization","@id":"https:\/\/hexadigit.fr\/#organization","name":"Hexadigit","url":"https:\/\/hexadigit.fr\/","sameAs":[],"logo":{"@type":"ImageObject","inLanguage":"fr-FR","@id":"https:\/\/hexadigit.fr\/#\/schema\/logo\/image\/","url":"http:\/\/hexadigit.fr\/wp-content\/uploads\/2022\/04\/logo-HEXADIGIT-scaled.jpg","contentUrl":"http:\/\/hexadigit.fr\/wp-content\/uploads\/2022\/04\/logo-HEXADIGIT-scaled.jpg","width":2560,"height":1814,"caption":"Hexadigit"},"image":{"@id":"https:\/\/hexadigit.fr\/#\/schema\/logo\/image\/"}},{"@type":"WebSite","@id":"https:\/\/hexadigit.fr\/#website","url":"https:\/\/hexadigit.fr\/","name":"Hexadigit","description":"Test logiciels et assurance qualit\u00e9","publisher":{"@id":"https:\/\/hexadigit.fr\/#organization"},"potentialAction":[{"@type":"SearchAction","target":{"@type":"EntryPoint","urlTemplate":"https:\/\/hexadigit.fr\/?s={search_term_string}"},"query-input":"required name=search_term_string"}],"inLanguage":"fr-FR"},{"@type":"WebPage","@id":"https:\/\/hexadigit.fr\/index.php\/candidature\/#webpage","url":"https:\/\/hexadigit.fr\/index.php\/candidature\/","name":"Candidature | https:\/\/hexadigit.fr\/","isPartOf":{"@id":"https:\/\/hexadigit.fr\/#website"},"datePublished":"2020-12-11T15:50:23+00:00","dateModified":"2022-06-23T15:54:43+00:00","description":"Candidature votre carri\u00e8re avec Hexadigit.Rejoignez une \u00e9quipe jeune, dynamique,un suivi de parcours professionnel personnalis\u00e9.","breadcrumb":{"@id":"https:\/\/hexadigit.fr\/index.php\/candidature\/#breadcrumb"},"inLanguage":"fr-FR","potentialAction":[{"@type":"ReadAction","target":["https:\/\/hexadigit.fr\/index.php\/candidature\/"]}]},{"@type":"BreadcrumbList","@id":"https:\/\/hexadigit.fr\/index.php\/candidature\/#breadcrumb","itemListElement":[{"@type":"ListItem","position":1,"name":"Accueil","item":"https:\/\/hexadigit.fr\/"},{"@type":"ListItem","position":2,"name":"Candidature"}]}]}},"_links":{"self":[{"href":"https:\/\/hexadigit.fr\/index.php\/wp-json\/wp\/v2\/pages\/943"}],"collection":[{"href":"https:\/\/hexadigit.fr\/index.php\/wp-json\/wp\/v2\/pages"}],"about":[{"href":"https:\/\/hexadigit.fr\/index.php\/wp-json\/wp\/v2\/types\/page"}],"author":[{"embeddable":true,"href":"https:\/\/hexadigit.fr\/index.php\/wp-json\/wp\/v2\/users\/1"}],"replies":[{"embeddable":true,"href":"https:\/\/hexadigit.fr\/index.php\/wp-json\/wp\/v2\/comments?post=943"}],"version-history":[{"count":64,"href":"https:\/\/hexadigit.fr\/index.php\/wp-json\/wp\/v2\/pages\/943\/revisions"}],"predecessor-version":[{"id":13150,"href":"https:\/\/hexadigit.fr\/index.php\/wp-json\/wp\/v2\/pages\/943\/revisions\/13150"}],"wp:attachment":[{"href":"https:\/\/hexadigit.fr\/index.php\/wp-json\/wp\/v2\/media?parent=943"}],"curies":[{"name":"wp","href":"https:\/\/api.w.org\/{rel}","templated":true}]}}